{"id":3493,"date":"2025-11-21T16:56:55","date_gmt":"2025-11-21T16:56:55","guid":{"rendered":"https:\/\/federeso.ch\/?page_id=3493"},"modified":"2026-02-03T10:39:45","modified_gmt":"2026-02-03T10:39:45","slug":"capitalizzazione-delle-esperienze","status":"publish","type":"page","link":"https:\/\/federeso.ch\/it\/progetti\/capitalizzazione-delle-esperienze\/","title":{"rendered":"Capitalizzazione delle esperienze"},"content":{"rendered":"\t\t<div data-elementor-type=\"wp-page\" data-elementor-id=\"3493\" class=\"elementor elementor-3493 elementor-3492\" data-elementor-post-type=\"page\">\n\t\t\t\t\t\t<section class=\"elementor-section elementor-top-section elementor-element elementor-element-112c823 elementor-section-height-min-height elementor-section-stretched elementor-section-boxed elementor-section-height-default elementor-section-items-middle\" data-id=\"112c823\" data-element_type=\"section\" data-e-type=\"section\" data-settings=\"{&quot;stretch_section&quot;:&quot;section-stretched&quot;,&quot;background_background&quot;:&quot;classic&quot;,&quot;background_motion_fx_motion_fx_scrolling&quot;:&quot;yes&quot;,&quot;background_motion_fx_translateY_effect&quot;:&quot;yes&quot;,&quot;background_motion_fx_translateY_speed&quot;:{&quot;unit&quot;:&quot;px&quot;,&quot;size&quot;:7.4,&quot;sizes&quot;:[]},&quot;background_motion_fx_translateY_affectedRange&quot;:{&quot;unit&quot;:&quot;%&quot;,&quot;size&quot;:&quot;&quot;,&quot;sizes&quot;:{&quot;start&quot;:0,&quot;end&quot;:100}},&quot;background_motion_fx_devices&quot;:[&quot;desktop&quot;,&quot;tablet&quot;,&quot;mobile&quot;]}\">\n\t\t\t\t\t\t\t<div class=\"elementor-background-overlay\"><\/div>\n\t\t\t\t\t\t\t<div class=\"elementor-container elementor-column-gap-default\">\n\t\t\t\t\t<div class=\"elementor-column elementor-col-100 elementor-top-column elementor-element elementor-element-5837b64\" data-id=\"5837b64\" data-element_type=\"column\" data-e-type=\"column\">\n\t\t\t<div class=\"elementor-widget-wrap elementor-element-populated\">\n\t\t\t\t\t\t<div class=\"elementor-element elementor-element-59a133b elementor-widget elementor-widget-heading\" data-id=\"59a133b\" data-element_type=\"widget\" data-e-type=\"widget\" data-widget_type=\"heading.default\">\n\t\t\t\t<div class=\"elementor-widget-container\">\n\t\t\t\t\t<h1 class=\"elementor-heading-title elementor-size-default\">Capitalizzazione delle esperienze<\/h1>\t\t\t\t<\/div>\n\t\t\t\t<\/div>\n\t\t\t\t\t<\/div>\n\t\t<\/div>\n\t\t\t\t\t<\/div>\n\t\t<\/section>\n\t\t\t\t<section class=\"elementor-section elementor-top-section elementor-element elementor-element-6303749 elementor-section-full_width elementor-section-stretched elementor-section-height-default elementor-section-height-default\" data-id=\"6303749\" data-element_type=\"section\" data-e-type=\"section\" data-settings=\"{&quot;stretch_section&quot;:&quot;section-stretched&quot;}\">\n\t\t\t\t\t\t<div class=\"elementor-container elementor-column-gap-default\">\n\t\t\t\t\t<div class=\"elementor-column elementor-col-100 elementor-top-column elementor-element elementor-element-28d3ee5\" data-id=\"28d3ee5\" data-element_type=\"column\" data-e-type=\"column\">\n\t\t\t<div class=\"elementor-widget-wrap elementor-element-populated\">\n\t\t\t\t\t\t<div class=\"elementor-element elementor-element-8c48058 elementor-widget elementor-widget-text-editor\" data-id=\"8c48058\" data-element_type=\"widget\" data-e-type=\"widget\" data-widget_type=\"text-editor.default\">\n\t\t\t\t<div class=\"elementor-widget-container\">\n\t\t\t\t\t\t\t\t\t<p>Kittirat Roekburi<\/p>\t\t\t\t\t\t\t\t<\/div>\n\t\t\t\t<\/div>\n\t\t\t\t\t<\/div>\n\t\t<\/div>\n\t\t\t\t\t<\/div>\n\t\t<\/section>\n\t\t\t\t<section class=\"elementor-section elementor-top-section elementor-element elementor-element-28ea8f8 elementor-section-boxed elementor-section-height-default elementor-section-height-default\" data-id=\"28ea8f8\" data-element_type=\"section\" data-e-type=\"section\">\n\t\t\t\t\t\t<div class=\"elementor-container elementor-column-gap-default\">\n\t\t\t\t\t<div class=\"elementor-column elementor-col-100 elementor-top-column elementor-element elementor-element-c408bae\" data-id=\"c408bae\" data-element_type=\"column\" data-e-type=\"column\">\n\t\t\t<div class=\"elementor-widget-wrap elementor-element-populated\">\n\t\t\t\t\t\t<div class=\"elementor-element elementor-element-1b0829f elementor-widget elementor-widget-text-editor\" data-id=\"1b0829f\" data-element_type=\"widget\" data-e-type=\"widget\" data-widget_type=\"text-editor.default\">\n\t\t\t\t<div class=\"elementor-widget-container\">\n\t\t\t\t\t\t\t\t\t<p><strong>Che cos&#8217;\u00e8 la capitalizzazione delle esperienze ?<\/strong><\/p><p>La capitalizzazione delle esperienze \u00e8 un processo metodologico attraverso il quale un&#8217;esperienza viene identificata, analizzata e documentata. Questa analisi aiuta a creare conoscenze che possono essere condivise in altri contesti attraverso l&#8217;adozione, l&#8217;adattamento, l\u2019estensione su pi\u00f9 vasta scala o la presa in considerazione sistematica.<\/p><p><strong>Perch\u00e9 \u00e8 importante per le ONG utilizzare l&#8217;esperienza acquisita ?<\/strong><\/p><p>Perch\u00e9 consente all&#8217;organizzazione di progredire, di adattarsi al cambiamento e di imparare dalle azioni intraprese.<\/p>\t\t\t\t\t\t\t\t<\/div>\n\t\t\t\t<\/div>\n\t\t\t\t\t<\/div>\n\t\t<\/div>\n\t\t\t\t\t<\/div>\n\t\t<\/section>\n\t\t\t\t<section class=\"elementor-section elementor-top-section elementor-element elementor-element-822a3e0 elementor-section-boxed elementor-section-height-default elementor-section-height-default\" data-id=\"822a3e0\" data-element_type=\"section\" data-e-type=\"section\">\n\t\t\t\t\t\t<div class=\"elementor-container elementor-column-gap-default\">\n\t\t\t\t\t<div class=\"elementor-column elementor-col-50 elementor-top-column elementor-element elementor-element-713e66b\" data-id=\"713e66b\" data-element_type=\"column\" data-e-type=\"column\">\n\t\t\t<div class=\"elementor-widget-wrap elementor-element-populated\">\n\t\t\t\t\t\t<div class=\"elementor-element elementor-element-00c15e8 elementor-widget elementor-widget-text-editor\" data-id=\"00c15e8\" data-element_type=\"widget\" data-e-type=\"widget\" data-widget_type=\"text-editor.default\">\n\t\t\t\t<div class=\"elementor-widget-container\">\n\t\t\t\t\t\t\t\t\t<p><strong>Pubblicazione di una guida<\/strong><\/p><p>Redatta da Michaela B\u00fcschi (FGC) e Anne Gueye-Girardet (Fedevaco) e pubblicata sotto l&#8217;ombrello di FEDERESO, la guida \u00ab <b>Outils de capitalisation : apprendre des exp\u00e9riences de coop\u00e9ration au d\u00e9veloppement <\/b>\u00bb (Strumenti di capitalizzazione : imparare dalle esperienze di cooperazione allo sviluppo) \u00e8 stata realizzata con il supporto delle ONG, dei loro partner locali e degli specialisti di capitalizzazione delle esperienze. La guida fornisce un quadro di riflessione, insieme a metodi, strumenti ed esempi pratici per sostenere i processi di capitalizzazione passo dopo passo. La guida si rivolge a organizzazioni, operatori e partner coinvolti nella cooperazione internazionale. Collegata a una biblioteca online in continua evoluzione, la guida \u00e8 destinata a diventare un documento di riferimento per sostenere le organizzazioni che desiderano intraprendere questo esercizio.<\/p>\t\t\t\t\t\t\t\t<\/div>\n\t\t\t\t<\/div>\n\t\t\t\t\t<\/div>\n\t\t<\/div>\n\t\t\t\t<div class=\"elementor-column elementor-col-50 elementor-top-column elementor-element elementor-element-3b28802\" data-id=\"3b28802\" data-element_type=\"column\" data-e-type=\"column\">\n\t\t\t<div class=\"elementor-widget-wrap elementor-element-populated\">\n\t\t\t\t\t\t<div class=\"elementor-element elementor-element-6f91037 elementor-widget__width-initial elementor-widget elementor-widget-image\" data-id=\"6f91037\" data-element_type=\"widget\" data-e-type=\"widget\" data-widget_type=\"image.default\">\n\t\t\t\t<div class=\"elementor-widget-container\">\n\t\t\t\t\t\t\t\t\t\t\t\t\t\t\t<img fetchpriority=\"high\" decoding=\"async\" width=\"212\" height=\"300\" src=\"https:\/\/federeso.ch\/wp-content\/uploads\/2025\/11\/outils-capitalisation-couv-002-3-212x300.jpg\" class=\"attachment-medium size-medium wp-image-3620\" alt=\"\" srcset=\"https:\/\/federeso.ch\/wp-content\/uploads\/2025\/11\/outils-capitalisation-couv-002-3-212x300.jpg 212w, https:\/\/federeso.ch\/wp-content\/uploads\/2025\/11\/outils-capitalisation-couv-002-3-725x1024.jpg 725w, https:\/\/federeso.ch\/wp-content\/uploads\/2025\/11\/outils-capitalisation-couv-002-3-768x1084.jpg 768w, https:\/\/federeso.ch\/wp-content\/uploads\/2025\/11\/outils-capitalisation-couv-002-3-1088x1536.jpg 1088w, https:\/\/federeso.ch\/wp-content\/uploads\/2025\/11\/outils-capitalisation-couv-002-3-1451x2048.jpg 1451w, https:\/\/federeso.ch\/wp-content\/uploads\/2025\/11\/outils-capitalisation-couv-002-3-scaled.jpg 1813w\" sizes=\"(max-width: 212px) 100vw, 212px\" \/>\t\t\t\t\t\t\t\t\t\t\t\t\t\t\t<\/div>\n\t\t\t\t<\/div>\n\t\t\t\t<div class=\"elementor-element elementor-element-669ef94 elementor-widget__width-initial elementor-widget elementor-widget-text-editor\" data-id=\"669ef94\" data-element_type=\"widget\" data-e-type=\"widget\" data-widget_type=\"text-editor.default\">\n\t\t\t\t<div class=\"elementor-widget-container\">\n\t\t\t\t\t\t\t\t\t<p><br \/>Potete visitare la <a href=\"https:\/\/www.fgc.ch\/nos-activites\/capitalisation-dexperiences\"><strong>pagina dedicata<\/strong> alla capitalizzazione delle esperienze<\/a> sul sito web della FGC, <strong><a href=\"https:\/\/www.fgc.ch\/commande-outils-capitalistation\">ordinare la guida<\/a><\/strong> o <a href=\"https:\/\/www.fgc.ch\/telechargement-outils-capitalistation\"><strong>scaricarla gratuitamente<\/strong><\/a>!<\/p>\t\t\t\t\t\t\t\t<\/div>\n\t\t\t\t<\/div>\n\t\t\t\t\t<\/div>\n\t\t<\/div>\n\t\t\t\t\t<\/div>\n\t\t<\/section>\n\t\t\t\t<section class=\"elementor-section elementor-top-section elementor-element elementor-element-b76a7b2 elementor-section-boxed elementor-section-height-default elementor-section-height-default\" data-id=\"b76a7b2\" data-element_type=\"section\" data-e-type=\"section\">\n\t\t\t\t\t\t<div class=\"elementor-container elementor-column-gap-default\">\n\t\t\t\t\t<div class=\"elementor-column elementor-col-100 elementor-top-column elementor-element elementor-element-0b3c843\" data-id=\"0b3c843\" data-element_type=\"column\" data-e-type=\"column\">\n\t\t\t<div class=\"elementor-widget-wrap elementor-element-populated\">\n\t\t\t\t\t\t<div class=\"elementor-element elementor-element-3b4a34e elementor-widget elementor-widget-text-editor\" data-id=\"3b4a34e\" data-element_type=\"widget\" data-e-type=\"widget\" data-widget_type=\"text-editor.default\">\n\t\t\t\t<div class=\"elementor-widget-container\">\n\t\t\t\t\t\t\t\t\t<p><strong>Formazione (in francese)<\/strong><\/p><p>Isango organizzer\u00e0 un corso di formazione di 4 giorni, presenziale e online. Per saperne di pi\u00f9, cliccate\u00a0<strong><a href=\"https:\/\/www.fgc.ch\/agenda\/la-capitalisation-dexperiences-2026\" target=\"_blank\" rel=\"noopener\">qui<\/a><\/strong>!<\/p>\t\t\t\t\t\t\t\t<\/div>\n\t\t\t\t<\/div>\n\t\t\t\t\t<\/div>\n\t\t<\/div>\n\t\t\t\t\t<\/div>\n\t\t<\/section>\n\t\t\t\t<\/div>\n\t\t","protected":false},"excerpt":{"rendered":"<p>Capitalizzazione delle esperienze Kittirat Roekburi Che cos&#8217;\u00e8 la capitalizzazione delle esperienze ? La capitalizzazione delle esperienze \u00e8 un processo metodologico attraverso il quale un&#8217;esperienza viene identificata, analizzata e documentata. Questa analisi aiuta a creare conoscenze che possono essere condivise in altri contesti attraverso l&#8217;adozione, l&#8217;adattamento, l\u2019estensione su pi\u00f9 vasta scala o la presa in considerazione [&hellip;]<\/p>\n","protected":false},"author":1,"featured_media":2531,"parent":1351,"menu_order":1,"comment_status":"closed","ping_status":"closed","template":"","meta":{"ocean_post_layout":"","ocean_both_sidebars_style":"","ocean_both_sidebars_content_width":0,"ocean_both_sidebars_sidebars_width":0,"ocean_sidebar":"0","ocean_second_sidebar":"0","ocean_disable_margins":"on","ocean_add_body_class":"","ocean_shortcode_before_top_bar":"","ocean_shortcode_after_top_bar":"","ocean_shortcode_before_header":"","ocean_shortcode_after_header":"","ocean_has_shortcode":"","ocean_shortcode_after_title":"","ocean_shortcode_before_footer_widgets":"","ocean_shortcode_after_footer_widgets":"","ocean_shortcode_before_footer_bottom":"","ocean_shortcode_after_footer_bottom":"","ocean_display_top_bar":"default","ocean_display_header":"default","ocean_header_style":"","ocean_center_header_left_menu":"0","ocean_custom_header_template":"0","ocean_custom_logo":0,"ocean_custom_retina_logo":0,"ocean_custom_logo_max_width":0,"ocean_custom_logo_tablet_max_width":0,"ocean_custom_logo_mobile_max_width":0,"ocean_custom_logo_max_height":0,"ocean_custom_logo_tablet_max_height":0,"ocean_custom_logo_mobile_max_height":0,"ocean_header_custom_menu":"0","ocean_menu_typo_font_family":"0","ocean_menu_typo_font_subset":"","ocean_menu_typo_font_size":0,"ocean_menu_typo_font_size_tablet":0,"ocean_menu_typo_font_size_mobile":0,"ocean_menu_typo_font_size_unit":"px","ocean_menu_typo_font_weight":"","ocean_menu_typo_font_weight_tablet":"","ocean_menu_typo_font_weight_mobile":"","ocean_menu_typo_transform":"","ocean_menu_typo_transform_tablet":"","ocean_menu_typo_transform_mobile":"","ocean_menu_typo_line_height":0,"ocean_menu_typo_line_height_tablet":0,"ocean_menu_typo_line_height_mobile":0,"ocean_menu_typo_line_height_unit":"","ocean_menu_typo_spacing":0,"ocean_menu_typo_spacing_tablet":0,"ocean_menu_typo_spacing_mobile":0,"ocean_menu_typo_spacing_unit":"","ocean_menu_link_color":"","ocean_menu_link_color_hover":"","ocean_menu_link_color_active":"","ocean_menu_link_background":"","ocean_menu_link_hover_background":"","ocean_menu_link_active_background":"","ocean_menu_social_links_bg":"","ocean_menu_social_hover_links_bg":"","ocean_menu_social_links_color":"","ocean_menu_social_hover_links_color":"","ocean_disable_title":"default","ocean_disable_heading":"default","ocean_post_title":"","ocean_post_subheading":"","ocean_post_title_style":"","ocean_post_title_background_color":"","ocean_post_title_background":0,"ocean_post_title_bg_image_position":"","ocean_post_title_bg_image_attachment":"","ocean_post_title_bg_image_repeat":"","ocean_post_title_bg_image_size":"","ocean_post_title_height":0,"ocean_post_title_bg_overlay":0.5,"ocean_post_title_bg_overlay_color":"","ocean_disable_breadcrumbs":"default","ocean_breadcrumbs_color":"","ocean_breadcrumbs_separator_color":"","ocean_breadcrumbs_links_color":"","ocean_breadcrumbs_links_hover_color":"","ocean_display_footer_widgets":"default","ocean_display_footer_bottom":"default","ocean_custom_footer_template":"0","osh_disable_topbar_sticky":"default","osh_disable_header_sticky":"default","osh_sticky_header_style":"default","osh_sticky_header_effect":"","osh_custom_sticky_logo":0,"osh_custom_retina_sticky_logo":0,"osh_custom_sticky_logo_height":0,"osh_background_color":"","osh_links_color":"","osh_links_hover_color":"","osh_links_active_color":"","osh_links_bg_color":"","osh_links_hover_bg_color":"","osh_links_active_bg_color":"","osh_menu_social_links_color":"","osh_menu_social_hover_links_color":"","footnotes":""},"class_list":["post-3493","page","type-page","status-publish","has-post-thumbnail","hentry","entry","has-media"],"yoast_head":"<!-- This site is optimized with the Yoast SEO plugin v27.3 - https:\/\/yoast.com\/product\/yoast-seo-wordpress\/ -->\n<title>Capitalizzazione delle esperienze - FEDERESO - R\u00e9seau des f\u00e9d\u00e9rations cantonales de coop\u00e9ration internationale<\/title>\n<meta name=\"robots\" content=\"index, follow, max-snippet:-1, max-image-preview:large, max-video-preview:-1\" \/>\n<link rel=\"canonical\" href=\"https:\/\/federeso.ch\/it\/progetti\/capitalizzazione-delle-esperienze\/\" \/>\n<meta property=\"og:locale\" content=\"it_IT\" \/>\n<meta property=\"og:type\" content=\"article\" \/>\n<meta property=\"og:title\" content=\"Capitalizzazione delle esperienze - FEDERESO - R\u00e9seau des f\u00e9d\u00e9rations cantonales de coop\u00e9ration internationale\" \/>\n<meta property=\"og:description\" content=\"Capitalizzazione delle esperienze Kittirat Roekburi Che cos&#8217;\u00e8 la capitalizzazione delle esperienze ? La capitalizzazione delle esperienze \u00e8 un processo metodologico attraverso il quale un&#8217;esperienza viene identificata, analizzata e documentata. Questa analisi aiuta a creare conoscenze che possono essere condivise in altri contesti attraverso l&#8217;adozione, l&#8217;adattamento, l\u2019estensione su pi\u00f9 vasta scala o la presa in considerazione [&hellip;]\" \/>\n<meta property=\"og:url\" content=\"https:\/\/federeso.ch\/it\/progetti\/capitalizzazione-delle-esperienze\/\" \/>\n<meta property=\"og:site_name\" content=\"FEDERESO - R\u00e9seau des f\u00e9d\u00e9rations cantonales de coop\u00e9ration internationale\" \/>\n<meta property=\"article:modified_time\" content=\"2026-02-03T10:39:45+00:00\" \/>\n<meta property=\"og:image\" content=\"https:\/\/federeso.ch\/wp-content\/uploads\/2023\/06\/izmir-turkey-april-2023-unidentified-260nw-2291711505-e1688470750783.webp\" \/>\n\t<meta property=\"og:image:width\" content=\"357\" \/>\n\t<meta property=\"og:image:height\" content=\"241\" \/>\n\t<meta property=\"og:image:type\" content=\"image\/webp\" \/>\n<meta name=\"twitter:card\" content=\"summary_large_image\" \/>\n<meta name=\"twitter:label1\" content=\"Tempo di lettura stimato\" \/>\n\t<meta name=\"twitter:data1\" content=\"2 minuti\" \/>\n<script type=\"application\/ld+json\" class=\"yoast-schema-graph\">{\"@context\":\"https:\\\/\\\/schema.org\",\"@graph\":[{\"@type\":\"WebPage\",\"@id\":\"https:\\\/\\\/federeso.ch\\\/it\\\/progetti\\\/capitalizzazione-delle-esperienze\\\/\",\"url\":\"https:\\\/\\\/federeso.ch\\\/it\\\/progetti\\\/capitalizzazione-delle-esperienze\\\/\",\"name\":\"Capitalizzazione delle esperienze - FEDERESO - R\u00e9seau des f\u00e9d\u00e9rations cantonales de coop\u00e9ration internationale\",\"isPartOf\":{\"@id\":\"https:\\\/\\\/federeso.ch\\\/it\\\/#website\"},\"primaryImageOfPage\":{\"@id\":\"https:\\\/\\\/federeso.ch\\\/it\\\/progetti\\\/capitalizzazione-delle-esperienze\\\/#primaryimage\"},\"image\":{\"@id\":\"https:\\\/\\\/federeso.ch\\\/it\\\/progetti\\\/capitalizzazione-delle-esperienze\\\/#primaryimage\"},\"thumbnailUrl\":\"https:\\\/\\\/federeso.ch\\\/wp-content\\\/uploads\\\/2023\\\/06\\\/izmir-turkey-april-2023-unidentified-260nw-2291711505-e1688470750783.webp\",\"datePublished\":\"2025-11-21T16:56:55+00:00\",\"dateModified\":\"2026-02-03T10:39:45+00:00\",\"breadcrumb\":{\"@id\":\"https:\\\/\\\/federeso.ch\\\/it\\\/progetti\\\/capitalizzazione-delle-esperienze\\\/#breadcrumb\"},\"inLanguage\":\"it-IT\",\"potentialAction\":[{\"@type\":\"ReadAction\",\"target\":[\"https:\\\/\\\/federeso.ch\\\/it\\\/progetti\\\/capitalizzazione-delle-esperienze\\\/\"]}]},{\"@type\":\"ImageObject\",\"inLanguage\":\"it-IT\",\"@id\":\"https:\\\/\\\/federeso.ch\\\/it\\\/progetti\\\/capitalizzazione-delle-esperienze\\\/#primaryimage\",\"url\":\"https:\\\/\\\/federeso.ch\\\/wp-content\\\/uploads\\\/2023\\\/06\\\/izmir-turkey-april-2023-unidentified-260nw-2291711505-e1688470750783.webp\",\"contentUrl\":\"https:\\\/\\\/federeso.ch\\\/wp-content\\\/uploads\\\/2023\\\/06\\\/izmir-turkey-april-2023-unidentified-260nw-2291711505-e1688470750783.webp\",\"width\":357,\"height\":241},{\"@type\":\"BreadcrumbList\",\"@id\":\"https:\\\/\\\/federeso.ch\\\/it\\\/progetti\\\/capitalizzazione-delle-esperienze\\\/#breadcrumb\",\"itemListElement\":[{\"@type\":\"ListItem\",\"position\":1,\"name\":\"Accueil\",\"item\":\"https:\\\/\\\/federeso.ch\\\/it\\\/\"},{\"@type\":\"ListItem\",\"position\":2,\"name\":\"Progetti\",\"item\":\"https:\\\/\\\/federeso.ch\\\/it\\\/projets\\\/\"},{\"@type\":\"ListItem\",\"position\":3,\"name\":\"Capitalizzazione delle esperienze\"}]},{\"@type\":\"WebSite\",\"@id\":\"https:\\\/\\\/federeso.ch\\\/it\\\/#website\",\"url\":\"https:\\\/\\\/federeso.ch\\\/it\\\/\",\"name\":\"FEDERESO - R\u00e9seau des f\u00e9d\u00e9rations cantonales de coop\u00e9ration internationale\",\"description\":\"\",\"publisher\":{\"@id\":\"https:\\\/\\\/federeso.ch\\\/it\\\/#organization\"},\"potentialAction\":[{\"@type\":\"SearchAction\",\"target\":{\"@type\":\"EntryPoint\",\"urlTemplate\":\"https:\\\/\\\/federeso.ch\\\/it\\\/?s={search_term_string}\"},\"query-input\":{\"@type\":\"PropertyValueSpecification\",\"valueRequired\":true,\"valueName\":\"search_term_string\"}}],\"inLanguage\":\"it-IT\"},{\"@type\":\"Organization\",\"@id\":\"https:\\\/\\\/federeso.ch\\\/it\\\/#organization\",\"name\":\"F\u00e9d\u00e9rations cantonales de coop\u00e9ration internationale\",\"url\":\"https:\\\/\\\/federeso.ch\\\/it\\\/\",\"logo\":{\"@type\":\"ImageObject\",\"inLanguage\":\"it-IT\",\"@id\":\"https:\\\/\\\/federeso.ch\\\/it\\\/#\\\/schema\\\/logo\\\/image\\\/\",\"url\":\"https:\\\/\\\/federeso.ch\\\/wp-content\\\/uploads\\\/2023\\\/04\\\/FEDERESO_Texte.png\",\"contentUrl\":\"https:\\\/\\\/federeso.ch\\\/wp-content\\\/uploads\\\/2023\\\/04\\\/FEDERESO_Texte.png\",\"width\":6735,\"height\":2976,\"caption\":\"F\u00e9d\u00e9rations cantonales de coop\u00e9ration internationale\"},\"image\":{\"@id\":\"https:\\\/\\\/federeso.ch\\\/it\\\/#\\\/schema\\\/logo\\\/image\\\/\"}}]}<\/script>\n<!-- \/ Yoast SEO plugin. -->","yoast_head_json":{"title":"Capitalizzazione delle esperienze - FEDERESO - R\u00e9seau des f\u00e9d\u00e9rations cantonales de coop\u00e9ration internationale","robots":{"index":"index","follow":"follow","max-snippet":"max-snippet:-1","max-image-preview":"max-image-preview:large","max-video-preview":"max-video-preview:-1"},"canonical":"https:\/\/federeso.ch\/it\/progetti\/capitalizzazione-delle-esperienze\/","og_locale":"it_IT","og_type":"article","og_title":"Capitalizzazione delle esperienze - FEDERESO - R\u00e9seau des f\u00e9d\u00e9rations cantonales de coop\u00e9ration internationale","og_description":"Capitalizzazione delle esperienze Kittirat Roekburi Che cos&#8217;\u00e8 la capitalizzazione delle esperienze ? La capitalizzazione delle esperienze \u00e8 un processo metodologico attraverso il quale un&#8217;esperienza viene identificata, analizzata e documentata. Questa analisi aiuta a creare conoscenze che possono essere condivise in altri contesti attraverso l&#8217;adozione, l&#8217;adattamento, l\u2019estensione su pi\u00f9 vasta scala o la presa in considerazione [&hellip;]","og_url":"https:\/\/federeso.ch\/it\/progetti\/capitalizzazione-delle-esperienze\/","og_site_name":"FEDERESO - R\u00e9seau des f\u00e9d\u00e9rations cantonales de coop\u00e9ration internationale","article_modified_time":"2026-02-03T10:39:45+00:00","og_image":[{"width":357,"height":241,"url":"https:\/\/federeso.ch\/wp-content\/uploads\/2023\/06\/izmir-turkey-april-2023-unidentified-260nw-2291711505-e1688470750783.webp","type":"image\/webp"}],"twitter_card":"summary_large_image","twitter_misc":{"Tempo di lettura stimato":"2 minuti"},"schema":{"@context":"https:\/\/schema.org","@graph":[{"@type":"WebPage","@id":"https:\/\/federeso.ch\/it\/progetti\/capitalizzazione-delle-esperienze\/","url":"https:\/\/federeso.ch\/it\/progetti\/capitalizzazione-delle-esperienze\/","name":"Capitalizzazione delle esperienze - FEDERESO - R\u00e9seau des f\u00e9d\u00e9rations cantonales de coop\u00e9ration internationale","isPartOf":{"@id":"https:\/\/federeso.ch\/it\/#website"},"primaryImageOfPage":{"@id":"https:\/\/federeso.ch\/it\/progetti\/capitalizzazione-delle-esperienze\/#primaryimage"},"image":{"@id":"https:\/\/federeso.ch\/it\/progetti\/capitalizzazione-delle-esperienze\/#primaryimage"},"thumbnailUrl":"https:\/\/federeso.ch\/wp-content\/uploads\/2023\/06\/izmir-turkey-april-2023-unidentified-260nw-2291711505-e1688470750783.webp","datePublished":"2025-11-21T16:56:55+00:00","dateModified":"2026-02-03T10:39:45+00:00","breadcrumb":{"@id":"https:\/\/federeso.ch\/it\/progetti\/capitalizzazione-delle-esperienze\/#breadcrumb"},"inLanguage":"it-IT","potentialAction":[{"@type":"ReadAction","target":["https:\/\/federeso.ch\/it\/progetti\/capitalizzazione-delle-esperienze\/"]}]},{"@type":"ImageObject","inLanguage":"it-IT","@id":"https:\/\/federeso.ch\/it\/progetti\/capitalizzazione-delle-esperienze\/#primaryimage","url":"https:\/\/federeso.ch\/wp-content\/uploads\/2023\/06\/izmir-turkey-april-2023-unidentified-260nw-2291711505-e1688470750783.webp","contentUrl":"https:\/\/federeso.ch\/wp-content\/uploads\/2023\/06\/izmir-turkey-april-2023-unidentified-260nw-2291711505-e1688470750783.webp","width":357,"height":241},{"@type":"BreadcrumbList","@id":"https:\/\/federeso.ch\/it\/progetti\/capitalizzazione-delle-esperienze\/#breadcrumb","itemListElement":[{"@type":"ListItem","position":1,"name":"Accueil","item":"https:\/\/federeso.ch\/it\/"},{"@type":"ListItem","position":2,"name":"Progetti","item":"https:\/\/federeso.ch\/it\/projets\/"},{"@type":"ListItem","position":3,"name":"Capitalizzazione delle esperienze"}]},{"@type":"WebSite","@id":"https:\/\/federeso.ch\/it\/#website","url":"https:\/\/federeso.ch\/it\/","name":"FEDERESO - R\u00e9seau des f\u00e9d\u00e9rations cantonales de coop\u00e9ration internationale","description":"","publisher":{"@id":"https:\/\/federeso.ch\/it\/#organization"},"potentialAction":[{"@type":"SearchAction","target":{"@type":"EntryPoint","urlTemplate":"https:\/\/federeso.ch\/it\/?s={search_term_string}"},"query-input":{"@type":"PropertyValueSpecification","valueRequired":true,"valueName":"search_term_string"}}],"inLanguage":"it-IT"},{"@type":"Organization","@id":"https:\/\/federeso.ch\/it\/#organization","name":"F\u00e9d\u00e9rations cantonales de coop\u00e9ration internationale","url":"https:\/\/federeso.ch\/it\/","logo":{"@type":"ImageObject","inLanguage":"it-IT","@id":"https:\/\/federeso.ch\/it\/#\/schema\/logo\/image\/","url":"https:\/\/federeso.ch\/wp-content\/uploads\/2023\/04\/FEDERESO_Texte.png","contentUrl":"https:\/\/federeso.ch\/wp-content\/uploads\/2023\/04\/FEDERESO_Texte.png","width":6735,"height":2976,"caption":"F\u00e9d\u00e9rations cantonales de coop\u00e9ration internationale"},"image":{"@id":"https:\/\/federeso.ch\/it\/#\/schema\/logo\/image\/"}}]}},"_links":{"self":[{"href":"https:\/\/federeso.ch\/it\/wp-json\/wp\/v2\/pages\/3493","targetHints":{"allow":["GET"]}}],"collection":[{"href":"https:\/\/federeso.ch\/it\/wp-json\/wp\/v2\/pages"}],"about":[{"href":"https:\/\/federeso.ch\/it\/wp-json\/wp\/v2\/types\/page"}],"author":[{"embeddable":true,"href":"https:\/\/federeso.ch\/it\/wp-json\/wp\/v2\/users\/1"}],"replies":[{"embeddable":true,"href":"https:\/\/federeso.ch\/it\/wp-json\/wp\/v2\/comments?post=3493"}],"version-history":[{"count":43,"href":"https:\/\/federeso.ch\/it\/wp-json\/wp\/v2\/pages\/3493\/revisions"}],"predecessor-version":[{"id":3728,"href":"https:\/\/federeso.ch\/it\/wp-json\/wp\/v2\/pages\/3493\/revisions\/3728"}],"up":[{"embeddable":true,"href":"https:\/\/federeso.ch\/it\/wp-json\/wp\/v2\/pages\/1351"}],"wp:featuredmedia":[{"embeddable":true,"href":"https:\/\/federeso.ch\/it\/wp-json\/wp\/v2\/media\/2531"}],"wp:attachment":[{"href":"https:\/\/federeso.ch\/it\/wp-json\/wp\/v2\/media?parent=3493"}],"curies":[{"name":"wp","href":"https:\/\/api.w.org\/{rel}","templated":true}]}}