{"id":1423,"date":"2023-02-13T10:14:02","date_gmt":"2023-02-13T10:14:02","guid":{"rendered":"https:\/\/federeso.llet.ch\/formazioni\/"},"modified":"2026-01-06T11:12:36","modified_gmt":"2026-01-06T11:12:36","slug":"formazioni","status":"publish","type":"page","link":"https:\/\/federeso.ch\/it\/formazioni\/","title":{"rendered":"Formazioni"},"content":{"rendered":"\t\t<div data-elementor-type=\"wp-page\" data-elementor-id=\"1423\" class=\"elementor elementor-1423 elementor-1096\" data-elementor-post-type=\"page\">\n\t\t\t\t\t\t<section class=\"elementor-section elementor-top-section elementor-element elementor-element-112c823 elementor-section-height-min-height elementor-section-stretched elementor-section-boxed elementor-section-height-default elementor-section-items-middle\" data-id=\"112c823\" data-element_type=\"section\" data-e-type=\"section\" data-settings=\"{&quot;stretch_section&quot;:&quot;section-stretched&quot;,&quot;background_background&quot;:&quot;classic&quot;,&quot;background_motion_fx_motion_fx_scrolling&quot;:&quot;yes&quot;,&quot;background_motion_fx_translateY_effect&quot;:&quot;yes&quot;,&quot;background_motion_fx_translateY_speed&quot;:{&quot;unit&quot;:&quot;px&quot;,&quot;size&quot;:7.4,&quot;sizes&quot;:[]},&quot;background_motion_fx_translateY_affectedRange&quot;:{&quot;unit&quot;:&quot;%&quot;,&quot;size&quot;:&quot;&quot;,&quot;sizes&quot;:{&quot;start&quot;:0,&quot;end&quot;:100}},&quot;background_motion_fx_devices&quot;:[&quot;desktop&quot;,&quot;tablet&quot;,&quot;mobile&quot;]}\">\n\t\t\t\t\t\t\t<div class=\"elementor-background-overlay\"><\/div>\n\t\t\t\t\t\t\t<div class=\"elementor-container elementor-column-gap-default\">\n\t\t\t\t\t<div class=\"elementor-column elementor-col-100 elementor-top-column elementor-element elementor-element-5837b64\" data-id=\"5837b64\" data-element_type=\"column\" data-e-type=\"column\">\n\t\t\t<div class=\"elementor-widget-wrap elementor-element-populated\">\n\t\t\t\t\t\t<div class=\"elementor-element elementor-element-59a133b elementor-widget elementor-widget-heading\" data-id=\"59a133b\" data-element_type=\"widget\" data-e-type=\"widget\" data-widget_type=\"heading.default\">\n\t\t\t\t<div class=\"elementor-widget-container\">\n\t\t\t\t\t<h1 class=\"elementor-heading-title elementor-size-default\">Formazioni<\/h1>\t\t\t\t<\/div>\n\t\t\t\t<\/div>\n\t\t\t\t\t<\/div>\n\t\t<\/div>\n\t\t\t\t\t<\/div>\n\t\t<\/section>\n\t\t\t\t<section class=\"elementor-section elementor-top-section elementor-element elementor-element-d4af6ea elementor-section-full_width elementor-section-stretched elementor-section-height-default elementor-section-height-default\" data-id=\"d4af6ea\" data-element_type=\"section\" data-e-type=\"section\" data-settings=\"{&quot;stretch_section&quot;:&quot;section-stretched&quot;}\">\n\t\t\t\t\t\t<div class=\"elementor-container elementor-column-gap-default\">\n\t\t\t\t\t<div class=\"elementor-column elementor-col-100 elementor-top-column elementor-element elementor-element-23b2e26\" data-id=\"23b2e26\" data-element_type=\"column\" data-e-type=\"column\">\n\t\t\t<div class=\"elementor-widget-wrap elementor-element-populated\">\n\t\t\t\t\t\t<div class=\"elementor-element elementor-element-7c04ef1 elementor-widget elementor-widget-text-editor\" data-id=\"7c04ef1\" data-element_type=\"widget\" data-e-type=\"widget\" data-widget_type=\"text-editor.default\">\n\t\t\t\t<div class=\"elementor-widget-container\">\n\t\t\t\t\t\t\t\t\t<p>Cotonu &#8211; Benino \/ Pierre-William Henry<\/p>\t\t\t\t\t\t\t\t<\/div>\n\t\t\t\t<\/div>\n\t\t\t\t\t<\/div>\n\t\t<\/div>\n\t\t\t\t\t<\/div>\n\t\t<\/section>\n\t\t\t\t<section class=\"elementor-section elementor-top-section elementor-element elementor-element-592e6d4 elementor-section-boxed elementor-section-height-default elementor-section-height-default\" data-id=\"592e6d4\" data-element_type=\"section\" data-e-type=\"section\">\n\t\t\t\t\t\t<div class=\"elementor-container elementor-column-gap-default\">\n\t\t\t\t\t<div class=\"elementor-column elementor-col-100 elementor-top-column elementor-element elementor-element-54ceea5\" data-id=\"54ceea5\" data-element_type=\"column\" data-e-type=\"column\">\n\t\t\t<div class=\"elementor-widget-wrap elementor-element-populated\">\n\t\t\t\t\t\t<div class=\"elementor-element elementor-element-d5e11a0 elementor-widget elementor-widget-spacer\" data-id=\"d5e11a0\" data-element_type=\"widget\" data-e-type=\"widget\" data-widget_type=\"spacer.default\">\n\t\t\t\t<div class=\"elementor-widget-container\">\n\t\t\t\t\t\t\t<div class=\"elementor-spacer\">\n\t\t\t<div class=\"elementor-spacer-inner\"><\/div>\n\t\t<\/div>\n\t\t\t\t\t\t<\/div>\n\t\t\t\t<\/div>\n\t\t\t\t<div class=\"elementor-element elementor-element-115a32d elementor-widget elementor-widget-text-editor\" data-id=\"115a32d\" data-element_type=\"widget\" data-e-type=\"widget\" data-widget_type=\"text-editor.default\">\n\t\t\t\t<div class=\"elementor-widget-container\">\n\t\t\t\t\t\t\t\t\t<p>Per i loro corsi di formazione in francese, le federazioni cantonali di Ginevra (FGC) e Vaud (Fedevaco) collaborano con<a href=\"https:\/\/isango-formation.org\/\" target=\"_blank\" rel=\"noopener\"> Isango<\/a>, un centro di formazione riconosciuto e certificato EduQua. Le organizzazioni membri di queste due federazioni beneficiano di tariffe di formazione agevolate, ma i corsi sono aperti a tutti.<\/p><p>Potete trovare <a href=\"https:\/\/isango-formation.org\/formations\/\" target=\"_blank\" rel=\"noopener\">qui<\/a> il programma di formazione, che copre tre temi principali: il lavoro sul terreno; la partecipazione e l&#8217;empowerment; la qualit\u00e0 dei progetti\/programmi e la qualit\u00e0 delle organizzazioni.<\/p>\t\t\t\t\t\t\t\t<\/div>\n\t\t\t\t<\/div>\n\t\t\t\t<div class=\"elementor-element elementor-element-bd3172d elementor-widget elementor-widget-spacer\" data-id=\"bd3172d\" data-element_type=\"widget\" data-e-type=\"widget\" data-widget_type=\"spacer.default\">\n\t\t\t\t<div class=\"elementor-widget-container\">\n\t\t\t\t\t\t\t<div class=\"elementor-spacer\">\n\t\t\t<div class=\"elementor-spacer-inner\"><\/div>\n\t\t<\/div>\n\t\t\t\t\t\t<\/div>\n\t\t\t\t<\/div>\n\t\t\t\t\t<\/div>\n\t\t<\/div>\n\t\t\t\t\t<\/div>\n\t\t<\/section>\n\t\t\t\t<\/div>\n\t\t","protected":false},"excerpt":{"rendered":"<p>Formazioni Cotonu &#8211; Benino \/ Pierre-William Henry Per i loro corsi di formazione in francese, le federazioni cantonali di Ginevra (FGC) e Vaud (Fedevaco) collaborano con Isango, un centro di formazione riconosciuto e certificato EduQua. Le organizzazioni membri di queste due federazioni beneficiano di tariffe di formazione agevolate, ma i corsi sono aperti a tutti. [&hellip;]<\/p>\n","protected":false},"author":1,"featured_media":0,"parent":0,"menu_order":0,"comment_status":"closed","ping_status":"closed","template":"","meta":{"ocean_post_layout":"","ocean_both_sidebars_style":"","ocean_both_sidebars_content_width":0,"ocean_both_sidebars_sidebars_width":0,"ocean_sidebar":"0","ocean_second_sidebar":"0","ocean_disable_margins":"on","ocean_add_body_class":"","ocean_shortcode_before_top_bar":"","ocean_shortcode_after_top_bar":"","ocean_shortcode_before_header":"","ocean_shortcode_after_header":"","ocean_has_shortcode":"","ocean_shortcode_after_title":"","ocean_shortcode_before_footer_widgets":"","ocean_shortcode_after_footer_widgets":"","ocean_shortcode_before_footer_bottom":"","ocean_shortcode_after_footer_bottom":"","ocean_display_top_bar":"default","ocean_display_header":"default","ocean_header_style":"","ocean_center_header_left_menu":"0","ocean_custom_header_template":"0","ocean_custom_logo":0,"ocean_custom_retina_logo":0,"ocean_custom_logo_max_width":0,"ocean_custom_logo_tablet_max_width":0,"ocean_custom_logo_mobile_max_width":0,"ocean_custom_logo_max_height":0,"ocean_custom_logo_tablet_max_height":0,"ocean_custom_logo_mobile_max_height":0,"ocean_header_custom_menu":"0","ocean_menu_typo_font_family":"0","ocean_menu_typo_font_subset":"","ocean_menu_typo_font_size":0,"ocean_menu_typo_font_size_tablet":0,"ocean_menu_typo_font_size_mobile":0,"ocean_menu_typo_font_size_unit":"px","ocean_menu_typo_font_weight":"","ocean_menu_typo_font_weight_tablet":"","ocean_menu_typo_font_weight_mobile":"","ocean_menu_typo_transform":"","ocean_menu_typo_transform_tablet":"","ocean_menu_typo_transform_mobile":"","ocean_menu_typo_line_height":0,"ocean_menu_typo_line_height_tablet":0,"ocean_menu_typo_line_height_mobile":0,"ocean_menu_typo_line_height_unit":"","ocean_menu_typo_spacing":0,"ocean_menu_typo_spacing_tablet":0,"ocean_menu_typo_spacing_mobile":0,"ocean_menu_typo_spacing_unit":"","ocean_menu_link_color":"","ocean_menu_link_color_hover":"","ocean_menu_link_color_active":"","ocean_menu_link_background":"","ocean_menu_link_hover_background":"","ocean_menu_link_active_background":"","ocean_menu_social_links_bg":"","ocean_menu_social_hover_links_bg":"","ocean_menu_social_links_color":"","ocean_menu_social_hover_links_color":"","ocean_disable_title":"default","ocean_disable_heading":"default","ocean_post_title":"","ocean_post_subheading":"","ocean_post_title_style":"","ocean_post_title_background_color":"","ocean_post_title_background":0,"ocean_post_title_bg_image_position":"","ocean_post_title_bg_image_attachment":"","ocean_post_title_bg_image_repeat":"","ocean_post_title_bg_image_size":"","ocean_post_title_height":0,"ocean_post_title_bg_overlay":0.5,"ocean_post_title_bg_overlay_color":"","ocean_disable_breadcrumbs":"default","ocean_breadcrumbs_color":"","ocean_breadcrumbs_separator_color":"","ocean_breadcrumbs_links_color":"","ocean_breadcrumbs_links_hover_color":"","ocean_display_footer_widgets":"default","ocean_display_footer_bottom":"default","ocean_custom_footer_template":"0","osh_disable_topbar_sticky":"default","osh_disable_header_sticky":"default","osh_sticky_header_style":"default","osh_sticky_header_effect":"","osh_custom_sticky_logo":0,"osh_custom_retina_sticky_logo":0,"osh_custom_sticky_logo_height":0,"osh_background_color":"","osh_links_color":"","osh_links_hover_color":"","osh_links_active_color":"","osh_links_bg_color":"","osh_links_hover_bg_color":"","osh_links_active_bg_color":"","osh_menu_social_links_color":"","osh_menu_social_hover_links_color":"","footnotes":""},"class_list":["post-1423","page","type-page","status-publish","hentry","entry"],"yoast_head":"<!-- This site is optimized with the Yoast SEO plugin v27.3 - https:\/\/yoast.com\/product\/yoast-seo-wordpress\/ -->\n<title>Formazioni - FEDERESO - R\u00e9seau des f\u00e9d\u00e9rations cantonales de coop\u00e9ration internationale<\/title>\n<meta name=\"robots\" content=\"index, follow, max-snippet:-1, max-image-preview:large, max-video-preview:-1\" \/>\n<link rel=\"canonical\" href=\"https:\/\/federeso.ch\/it\/formazioni\/\" \/>\n<meta property=\"og:locale\" content=\"it_IT\" \/>\n<meta property=\"og:type\" content=\"article\" \/>\n<meta property=\"og:title\" content=\"Formazioni - FEDERESO - R\u00e9seau des f\u00e9d\u00e9rations cantonales de coop\u00e9ration internationale\" \/>\n<meta property=\"og:description\" content=\"Formazioni Cotonu &#8211; Benino \/ Pierre-William Henry Per i loro corsi di formazione in francese, le federazioni cantonali di Ginevra (FGC) e Vaud (Fedevaco) collaborano con Isango, un centro di formazione riconosciuto e certificato EduQua. Le organizzazioni membri di queste due federazioni beneficiano di tariffe di formazione agevolate, ma i corsi sono aperti a tutti. [&hellip;]\" \/>\n<meta property=\"og:url\" content=\"https:\/\/federeso.ch\/it\/formazioni\/\" \/>\n<meta property=\"og:site_name\" content=\"FEDERESO - R\u00e9seau des f\u00e9d\u00e9rations cantonales de coop\u00e9ration internationale\" \/>\n<meta property=\"article:modified_time\" content=\"2026-01-06T11:12:36+00:00\" \/>\n<meta name=\"twitter:card\" content=\"summary_large_image\" \/>\n<meta name=\"twitter:label1\" content=\"Tempo di lettura stimato\" \/>\n\t<meta name=\"twitter:data1\" content=\"1 minuto\" \/>\n<script type=\"application\/ld+json\" class=\"yoast-schema-graph\">{\"@context\":\"https:\\\/\\\/schema.org\",\"@graph\":[{\"@type\":\"WebPage\",\"@id\":\"https:\\\/\\\/federeso.ch\\\/it\\\/formazioni\\\/\",\"url\":\"https:\\\/\\\/federeso.ch\\\/it\\\/formazioni\\\/\",\"name\":\"Formazioni - FEDERESO - R\u00e9seau des f\u00e9d\u00e9rations cantonales de coop\u00e9ration internationale\",\"isPartOf\":{\"@id\":\"https:\\\/\\\/federeso.ch\\\/it\\\/#website\"},\"datePublished\":\"2023-02-13T10:14:02+00:00\",\"dateModified\":\"2026-01-06T11:12:36+00:00\",\"breadcrumb\":{\"@id\":\"https:\\\/\\\/federeso.ch\\\/it\\\/formazioni\\\/#breadcrumb\"},\"inLanguage\":\"it-IT\",\"potentialAction\":[{\"@type\":\"ReadAction\",\"target\":[\"https:\\\/\\\/federeso.ch\\\/it\\\/formazioni\\\/\"]}]},{\"@type\":\"BreadcrumbList\",\"@id\":\"https:\\\/\\\/federeso.ch\\\/it\\\/formazioni\\\/#breadcrumb\",\"itemListElement\":[{\"@type\":\"ListItem\",\"position\":1,\"name\":\"Accueil\",\"item\":\"https:\\\/\\\/federeso.ch\\\/it\\\/\"},{\"@type\":\"ListItem\",\"position\":2,\"name\":\"Formazioni\"}]},{\"@type\":\"WebSite\",\"@id\":\"https:\\\/\\\/federeso.ch\\\/it\\\/#website\",\"url\":\"https:\\\/\\\/federeso.ch\\\/it\\\/\",\"name\":\"FEDERESO - R\u00e9seau des f\u00e9d\u00e9rations cantonales de coop\u00e9ration internationale\",\"description\":\"\",\"publisher\":{\"@id\":\"https:\\\/\\\/federeso.ch\\\/it\\\/#organization\"},\"potentialAction\":[{\"@type\":\"SearchAction\",\"target\":{\"@type\":\"EntryPoint\",\"urlTemplate\":\"https:\\\/\\\/federeso.ch\\\/it\\\/?s={search_term_string}\"},\"query-input\":{\"@type\":\"PropertyValueSpecification\",\"valueRequired\":true,\"valueName\":\"search_term_string\"}}],\"inLanguage\":\"it-IT\"},{\"@type\":\"Organization\",\"@id\":\"https:\\\/\\\/federeso.ch\\\/it\\\/#organization\",\"name\":\"F\u00e9d\u00e9rations cantonales de coop\u00e9ration internationale\",\"url\":\"https:\\\/\\\/federeso.ch\\\/it\\\/\",\"logo\":{\"@type\":\"ImageObject\",\"inLanguage\":\"it-IT\",\"@id\":\"https:\\\/\\\/federeso.ch\\\/it\\\/#\\\/schema\\\/logo\\\/image\\\/\",\"url\":\"https:\\\/\\\/federeso.ch\\\/wp-content\\\/uploads\\\/2023\\\/04\\\/FEDERESO_Texte.png\",\"contentUrl\":\"https:\\\/\\\/federeso.ch\\\/wp-content\\\/uploads\\\/2023\\\/04\\\/FEDERESO_Texte.png\",\"width\":6735,\"height\":2976,\"caption\":\"F\u00e9d\u00e9rations cantonales de coop\u00e9ration internationale\"},\"image\":{\"@id\":\"https:\\\/\\\/federeso.ch\\\/it\\\/#\\\/schema\\\/logo\\\/image\\\/\"}}]}<\/script>\n<!-- \/ Yoast SEO plugin. -->","yoast_head_json":{"title":"Formazioni - FEDERESO - R\u00e9seau des f\u00e9d\u00e9rations cantonales de coop\u00e9ration internationale","robots":{"index":"index","follow":"follow","max-snippet":"max-snippet:-1","max-image-preview":"max-image-preview:large","max-video-preview":"max-video-preview:-1"},"canonical":"https:\/\/federeso.ch\/it\/formazioni\/","og_locale":"it_IT","og_type":"article","og_title":"Formazioni - FEDERESO - R\u00e9seau des f\u00e9d\u00e9rations cantonales de coop\u00e9ration internationale","og_description":"Formazioni Cotonu &#8211; Benino \/ Pierre-William Henry Per i loro corsi di formazione in francese, le federazioni cantonali di Ginevra (FGC) e Vaud (Fedevaco) collaborano con Isango, un centro di formazione riconosciuto e certificato EduQua. Le organizzazioni membri di queste due federazioni beneficiano di tariffe di formazione agevolate, ma i corsi sono aperti a tutti. [&hellip;]","og_url":"https:\/\/federeso.ch\/it\/formazioni\/","og_site_name":"FEDERESO - R\u00e9seau des f\u00e9d\u00e9rations cantonales de coop\u00e9ration internationale","article_modified_time":"2026-01-06T11:12:36+00:00","twitter_card":"summary_large_image","twitter_misc":{"Tempo di lettura stimato":"1 minuto"},"schema":{"@context":"https:\/\/schema.org","@graph":[{"@type":"WebPage","@id":"https:\/\/federeso.ch\/it\/formazioni\/","url":"https:\/\/federeso.ch\/it\/formazioni\/","name":"Formazioni - FEDERESO - R\u00e9seau des f\u00e9d\u00e9rations cantonales de coop\u00e9ration internationale","isPartOf":{"@id":"https:\/\/federeso.ch\/it\/#website"},"datePublished":"2023-02-13T10:14:02+00:00","dateModified":"2026-01-06T11:12:36+00:00","breadcrumb":{"@id":"https:\/\/federeso.ch\/it\/formazioni\/#breadcrumb"},"inLanguage":"it-IT","potentialAction":[{"@type":"ReadAction","target":["https:\/\/federeso.ch\/it\/formazioni\/"]}]},{"@type":"BreadcrumbList","@id":"https:\/\/federeso.ch\/it\/formazioni\/#breadcrumb","itemListElement":[{"@type":"ListItem","position":1,"name":"Accueil","item":"https:\/\/federeso.ch\/it\/"},{"@type":"ListItem","position":2,"name":"Formazioni"}]},{"@type":"WebSite","@id":"https:\/\/federeso.ch\/it\/#website","url":"https:\/\/federeso.ch\/it\/","name":"FEDERESO - R\u00e9seau des f\u00e9d\u00e9rations cantonales de coop\u00e9ration internationale","description":"","publisher":{"@id":"https:\/\/federeso.ch\/it\/#organization"},"potentialAction":[{"@type":"SearchAction","target":{"@type":"EntryPoint","urlTemplate":"https:\/\/federeso.ch\/it\/?s={search_term_string}"},"query-input":{"@type":"PropertyValueSpecification","valueRequired":true,"valueName":"search_term_string"}}],"inLanguage":"it-IT"},{"@type":"Organization","@id":"https:\/\/federeso.ch\/it\/#organization","name":"F\u00e9d\u00e9rations cantonales de coop\u00e9ration internationale","url":"https:\/\/federeso.ch\/it\/","logo":{"@type":"ImageObject","inLanguage":"it-IT","@id":"https:\/\/federeso.ch\/it\/#\/schema\/logo\/image\/","url":"https:\/\/federeso.ch\/wp-content\/uploads\/2023\/04\/FEDERESO_Texte.png","contentUrl":"https:\/\/federeso.ch\/wp-content\/uploads\/2023\/04\/FEDERESO_Texte.png","width":6735,"height":2976,"caption":"F\u00e9d\u00e9rations cantonales de coop\u00e9ration internationale"},"image":{"@id":"https:\/\/federeso.ch\/it\/#\/schema\/logo\/image\/"}}]}},"_links":{"self":[{"href":"https:\/\/federeso.ch\/it\/wp-json\/wp\/v2\/pages\/1423","targetHints":{"allow":["GET"]}}],"collection":[{"href":"https:\/\/federeso.ch\/it\/wp-json\/wp\/v2\/pages"}],"about":[{"href":"https:\/\/federeso.ch\/it\/wp-json\/wp\/v2\/types\/page"}],"author":[{"embeddable":true,"href":"https:\/\/federeso.ch\/it\/wp-json\/wp\/v2\/users\/1"}],"replies":[{"embeddable":true,"href":"https:\/\/federeso.ch\/it\/wp-json\/wp\/v2\/comments?post=1423"}],"version-history":[{"count":31,"href":"https:\/\/federeso.ch\/it\/wp-json\/wp\/v2\/pages\/1423\/revisions"}],"predecessor-version":[{"id":3717,"href":"https:\/\/federeso.ch\/it\/wp-json\/wp\/v2\/pages\/1423\/revisions\/3717"}],"wp:attachment":[{"href":"https:\/\/federeso.ch\/it\/wp-json\/wp\/v2\/media?parent=1423"}],"curies":[{"name":"wp","href":"https:\/\/api.w.org\/{rel}","templated":true}]}}