{"id":3494,"date":"2025-11-21T16:56:55","date_gmt":"2025-11-21T16:56:55","guid":{"rendered":"https:\/\/federeso.ch\/?page_id=3494"},"modified":"2026-02-03T10:38:33","modified_gmt":"2026-02-03T10:38:33","slug":"kapitalisierung-der-erfahrungen","status":"publish","type":"page","link":"https:\/\/federeso.ch\/de\/projekte\/kapitalisierung-der-erfahrungen\/","title":{"rendered":"Kapitalisierung der Erfahrungen"},"content":{"rendered":"\t\t<div data-elementor-type=\"wp-page\" data-elementor-id=\"3494\" class=\"elementor elementor-3494 elementor-3492\" data-elementor-post-type=\"page\">\n\t\t\t\t\t\t<section class=\"elementor-section elementor-top-section elementor-element elementor-element-112c823 elementor-section-height-min-height elementor-section-stretched elementor-section-boxed elementor-section-height-default elementor-section-items-middle\" data-id=\"112c823\" data-element_type=\"section\" data-e-type=\"section\" data-settings=\"{&quot;stretch_section&quot;:&quot;section-stretched&quot;,&quot;background_background&quot;:&quot;classic&quot;,&quot;background_motion_fx_motion_fx_scrolling&quot;:&quot;yes&quot;,&quot;background_motion_fx_translateY_effect&quot;:&quot;yes&quot;,&quot;background_motion_fx_translateY_speed&quot;:{&quot;unit&quot;:&quot;px&quot;,&quot;size&quot;:7.4,&quot;sizes&quot;:[]},&quot;background_motion_fx_translateY_affectedRange&quot;:{&quot;unit&quot;:&quot;%&quot;,&quot;size&quot;:&quot;&quot;,&quot;sizes&quot;:{&quot;start&quot;:0,&quot;end&quot;:100}},&quot;background_motion_fx_devices&quot;:[&quot;desktop&quot;,&quot;tablet&quot;,&quot;mobile&quot;]}\">\n\t\t\t\t\t\t\t<div class=\"elementor-background-overlay\"><\/div>\n\t\t\t\t\t\t\t<div class=\"elementor-container elementor-column-gap-default\">\n\t\t\t\t\t<div class=\"elementor-column elementor-col-100 elementor-top-column elementor-element elementor-element-5837b64\" data-id=\"5837b64\" data-element_type=\"column\" data-e-type=\"column\">\n\t\t\t<div class=\"elementor-widget-wrap elementor-element-populated\">\n\t\t\t\t\t\t<div class=\"elementor-element elementor-element-59a133b elementor-widget elementor-widget-heading\" data-id=\"59a133b\" data-element_type=\"widget\" data-e-type=\"widget\" data-widget_type=\"heading.default\">\n\t\t\t\t<div class=\"elementor-widget-container\">\n\t\t\t\t\t<h1 class=\"elementor-heading-title elementor-size-default\">Kapitalisierung der Erfahrungen<\/h1>\t\t\t\t<\/div>\n\t\t\t\t<\/div>\n\t\t\t\t\t<\/div>\n\t\t<\/div>\n\t\t\t\t\t<\/div>\n\t\t<\/section>\n\t\t\t\t<section class=\"elementor-section elementor-top-section elementor-element elementor-element-6303749 elementor-section-full_width elementor-section-stretched elementor-section-height-default elementor-section-height-default\" data-id=\"6303749\" data-element_type=\"section\" data-e-type=\"section\" data-settings=\"{&quot;stretch_section&quot;:&quot;section-stretched&quot;}\">\n\t\t\t\t\t\t<div class=\"elementor-container elementor-column-gap-default\">\n\t\t\t\t\t<div class=\"elementor-column elementor-col-100 elementor-top-column elementor-element elementor-element-28d3ee5\" data-id=\"28d3ee5\" data-element_type=\"column\" data-e-type=\"column\">\n\t\t\t<div class=\"elementor-widget-wrap elementor-element-populated\">\n\t\t\t\t\t\t<div class=\"elementor-element elementor-element-8c48058 elementor-widget elementor-widget-text-editor\" data-id=\"8c48058\" data-element_type=\"widget\" data-e-type=\"widget\" data-widget_type=\"text-editor.default\">\n\t\t\t\t<div class=\"elementor-widget-container\">\n\t\t\t\t\t\t\t\t\t<p>Kittirat Roekburi<\/p>\t\t\t\t\t\t\t\t<\/div>\n\t\t\t\t<\/div>\n\t\t\t\t\t<\/div>\n\t\t<\/div>\n\t\t\t\t\t<\/div>\n\t\t<\/section>\n\t\t\t\t<section class=\"elementor-section elementor-top-section elementor-element elementor-element-26c4695 elementor-section-boxed elementor-section-height-default elementor-section-height-default\" data-id=\"26c4695\" data-element_type=\"section\" data-e-type=\"section\">\n\t\t\t\t\t\t<div class=\"elementor-container elementor-column-gap-default\">\n\t\t\t\t\t<div class=\"elementor-column elementor-col-100 elementor-top-column elementor-element elementor-element-12fac87\" data-id=\"12fac87\" data-element_type=\"column\" data-e-type=\"column\">\n\t\t\t<div class=\"elementor-widget-wrap elementor-element-populated\">\n\t\t\t\t\t\t<div class=\"elementor-element elementor-element-c2122a5 elementor-widget elementor-widget-text-editor\" data-id=\"c2122a5\" data-element_type=\"widget\" data-e-type=\"widget\" data-widget_type=\"text-editor.default\">\n\t\t\t\t<div class=\"elementor-widget-container\">\n\t\t\t\t\t\t\t\t\t<p><strong>Was ist die Kapitalisierung der Erfahrungen ?<\/strong><\/p><p>Die Kapitalisierung der Erfahrungen ist ein methodischer Prozess, bei dem eine Erfahrung identifiziert, analysiert und dokumentiert wird. Diese Analyse tr\u00e4gt zur Schaffung von Wissen bei, das dann in anderen Kontexten geteilt werden kann, indem es \u00fcbernommen, angepasst, in weiterem Umfang umgesetzt oder systematisch ber\u00fccksichtigt wird.<\/p><p><strong>Warum ist es so wichtig, dass NGOs ihre Erfahrungen nutzen ?<\/strong><\/p><p>Die Erfahrungen erm\u00f6glichen es der Organisation, sich weiterzuentwickeln, sich an Ver\u00e4nderungen anzupassen und aus den durchgef\u00fchrten Aktivit\u00e4ten zu lernen.<\/p>\t\t\t\t\t\t\t\t<\/div>\n\t\t\t\t<\/div>\n\t\t\t\t\t<\/div>\n\t\t<\/div>\n\t\t\t\t\t<\/div>\n\t\t<\/section>\n\t\t\t\t<section class=\"elementor-section elementor-top-section elementor-element elementor-element-df3e104 elementor-section-boxed elementor-section-height-default elementor-section-height-default\" data-id=\"df3e104\" data-element_type=\"section\" data-e-type=\"section\">\n\t\t\t\t\t\t<div class=\"elementor-container elementor-column-gap-default\">\n\t\t\t\t\t<div class=\"elementor-column elementor-col-50 elementor-top-column elementor-element elementor-element-2a3a54c\" data-id=\"2a3a54c\" data-element_type=\"column\" data-e-type=\"column\">\n\t\t\t<div class=\"elementor-widget-wrap elementor-element-populated\">\n\t\t\t\t\t\t<div class=\"elementor-element elementor-element-918eb3b elementor-widget elementor-widget-text-editor\" data-id=\"918eb3b\" data-element_type=\"widget\" data-e-type=\"widget\" data-widget_type=\"text-editor.default\">\n\t\t\t\t<div class=\"elementor-widget-container\">\n\t\t\t\t\t\t\t\t\t<p><strong>Ver\u00f6ffentlichung eines Handbuchs<\/strong><\/p><p>Das unter der \u00c4gide von FEDERESO ver\u00f6ffentlichte Handbuch \u00ab <strong>Outils de capitalisation : apprendre des exp\u00e9riences de coop\u00e9ration au d\u00e9veloppement<\/strong> \u00bb (Kapitalisierungsinstrumente : aus Erfahrungen der Entwicklungszusammenarbeit lernen) wurde gemeinsam von Michaela B\u00fcschi (FGC) und Anne Gueye-Girardet (Fedevaco) verfasst und mit Unterst\u00fctzung von NGOs, lokalen Partnern und Spezialisten f\u00fcr die Kapitalisierung der Erfahrungen erstellt. Dieses Handbuch bietet einen Reflexionsrahmen sowie Methoden, Instrumente und konkrete Beispiele, um Kapitalisierungsprozesse Schritt f\u00fcr Schritt zu begleiten. Der Leitfaden richtet sich an Organisationen, Fachleute und Partner, die in der internationalen Zusammenarbeit t\u00e4tig sind. In Verbindung mit einer sich st\u00e4ndig weiterentwickelnden Online-Bibliothek soll das Handbuch zu einem Nachschlagewerk werden, das Organisationen unterst\u00fctzt, die sich an dieser Aufgabe versuchen m\u00f6chten.<\/p>\t\t\t\t\t\t\t\t<\/div>\n\t\t\t\t<\/div>\n\t\t\t\t\t<\/div>\n\t\t<\/div>\n\t\t\t\t<div class=\"elementor-column elementor-col-50 elementor-top-column elementor-element elementor-element-bd03f78\" data-id=\"bd03f78\" data-element_type=\"column\" data-e-type=\"column\">\n\t\t\t<div class=\"elementor-widget-wrap elementor-element-populated\">\n\t\t\t\t\t\t<div class=\"elementor-element elementor-element-146adae elementor-widget__width-initial elementor-widget elementor-widget-image\" data-id=\"146adae\" data-element_type=\"widget\" data-e-type=\"widget\" data-widget_type=\"image.default\">\n\t\t\t\t<div class=\"elementor-widget-container\">\n\t\t\t\t\t\t\t\t\t\t\t\t\t\t\t<img fetchpriority=\"high\" decoding=\"async\" width=\"212\" height=\"300\" src=\"https:\/\/federeso.ch\/wp-content\/uploads\/2025\/11\/outils-capitalisation-couv-002-212x300.jpg\" class=\"attachment-medium size-medium wp-image-3605\" alt=\"\" srcset=\"https:\/\/federeso.ch\/wp-content\/uploads\/2025\/11\/outils-capitalisation-couv-002-212x300.jpg 212w, https:\/\/federeso.ch\/wp-content\/uploads\/2025\/11\/outils-capitalisation-couv-002-725x1024.jpg 725w, https:\/\/federeso.ch\/wp-content\/uploads\/2025\/11\/outils-capitalisation-couv-002-768x1084.jpg 768w, https:\/\/federeso.ch\/wp-content\/uploads\/2025\/11\/outils-capitalisation-couv-002-1088x1536.jpg 1088w, https:\/\/federeso.ch\/wp-content\/uploads\/2025\/11\/outils-capitalisation-couv-002-1451x2048.jpg 1451w, https:\/\/federeso.ch\/wp-content\/uploads\/2025\/11\/outils-capitalisation-couv-002-scaled.jpg 1813w\" sizes=\"(max-width: 212px) 100vw, 212px\" \/>\t\t\t\t\t\t\t\t\t\t\t\t\t\t\t<\/div>\n\t\t\t\t<\/div>\n\t\t\t\t<div class=\"elementor-element elementor-element-b0d5da7 elementor-widget__width-initial elementor-widget elementor-widget-text-editor\" data-id=\"b0d5da7\" data-element_type=\"widget\" data-e-type=\"widget\" data-widget_type=\"text-editor.default\">\n\t\t\t\t<div class=\"elementor-widget-container\">\n\t\t\t\t\t\t\t\t\t<p><br \/>Sie k\u00f6nnen die <strong><a href=\"https:\/\/www.fgc.ch\/nos-activites\/capitalisation-dexperiences\">entsprechende Seite<\/a><\/strong> auf der Website der FGC besuchen, das <strong><a href=\"https:\/\/www.fgc.ch\/commande-outils-capitalistation\">Handbuch bestellen<\/a><\/strong> oder <strong><a href=\"https:\/\/www.fgc.ch\/telechargement-outils-capitalistation\">kostenlos herunterladen<\/a><\/strong>!<\/p>\t\t\t\t\t\t\t\t<\/div>\n\t\t\t\t<\/div>\n\t\t\t\t\t<\/div>\n\t\t<\/div>\n\t\t\t\t\t<\/div>\n\t\t<\/section>\n\t\t\t\t<section class=\"elementor-section elementor-top-section elementor-element elementor-element-2221692 elementor-section-boxed elementor-section-height-default elementor-section-height-default\" data-id=\"2221692\" data-element_type=\"section\" data-e-type=\"section\">\n\t\t\t\t\t\t<div class=\"elementor-container elementor-column-gap-default\">\n\t\t\t\t\t<div class=\"elementor-column elementor-col-100 elementor-top-column elementor-element elementor-element-4146c00\" data-id=\"4146c00\" data-element_type=\"column\" data-e-type=\"column\">\n\t\t\t<div class=\"elementor-widget-wrap elementor-element-populated\">\n\t\t\t\t\t\t<div class=\"elementor-element elementor-element-ccda0e2 elementor-widget elementor-widget-text-editor\" data-id=\"ccda0e2\" data-element_type=\"widget\" data-e-type=\"widget\" data-widget_type=\"text-editor.default\">\n\t\t\t\t<div class=\"elementor-widget-container\">\n\t\t\t\t\t\t\t\t\t<p><strong>Weiterbildung (auf Franz\u00f6sisch)\u00a0<\/strong><\/p><p>Isango organisiert eine viert\u00e4gige Pr\u00e4senz- und Online-Weiterbildung. Weitere Informationen finden Sie\u00a0<strong><a href=\"https:\/\/www.fgc.ch\/agenda\/la-capitalisation-dexperiences-2026\" target=\"_blank\" rel=\"noopener\">hier<\/a><\/strong>!<\/p>\t\t\t\t\t\t\t\t<\/div>\n\t\t\t\t<\/div>\n\t\t\t\t\t<\/div>\n\t\t<\/div>\n\t\t\t\t\t<\/div>\n\t\t<\/section>\n\t\t\t\t<\/div>\n\t\t","protected":false},"excerpt":{"rendered":"<p>Kapitalisierung der Erfahrungen Kittirat Roekburi Was ist die Kapitalisierung der Erfahrungen ? Die Kapitalisierung der Erfahrungen ist ein methodischer Prozess, bei dem eine Erfahrung identifiziert, analysiert und dokumentiert wird. Diese Analyse tr\u00e4gt zur Schaffung von Wissen bei, das dann in anderen Kontexten geteilt werden kann, indem es \u00fcbernommen, angepasst, in weiterem Umfang umgesetzt oder systematisch [&hellip;]<\/p>\n","protected":false},"author":1,"featured_media":1571,"parent":1375,"menu_order":1,"comment_status":"closed","ping_status":"closed","template":"","meta":{"ocean_post_layout":"","ocean_both_sidebars_style":"","ocean_both_sidebars_content_width":0,"ocean_both_sidebars_sidebars_width":0,"ocean_sidebar":"0","ocean_second_sidebar":"0","ocean_disable_margins":"on","ocean_add_body_class":"","ocean_shortcode_before_top_bar":"","ocean_shortcode_after_top_bar":"","ocean_shortcode_before_header":"","ocean_shortcode_after_header":"","ocean_has_shortcode":"","ocean_shortcode_after_title":"","ocean_shortcode_before_footer_widgets":"","ocean_shortcode_after_footer_widgets":"","ocean_shortcode_before_footer_bottom":"","ocean_shortcode_after_footer_bottom":"","ocean_display_top_bar":"default","ocean_display_header":"default","ocean_header_style":"","ocean_center_header_left_menu":"0","ocean_custom_header_template":"0","ocean_custom_logo":0,"ocean_custom_retina_logo":0,"ocean_custom_logo_max_width":0,"ocean_custom_logo_tablet_max_width":0,"ocean_custom_logo_mobile_max_width":0,"ocean_custom_logo_max_height":0,"ocean_custom_logo_tablet_max_height":0,"ocean_custom_logo_mobile_max_height":0,"ocean_header_custom_menu":"0","ocean_menu_typo_font_family":"0","ocean_menu_typo_font_subset":"","ocean_menu_typo_font_size":0,"ocean_menu_typo_font_size_tablet":0,"ocean_menu_typo_font_size_mobile":0,"ocean_menu_typo_font_size_unit":"px","ocean_menu_typo_font_weight":"","ocean_menu_typo_font_weight_tablet":"","ocean_menu_typo_font_weight_mobile":"","ocean_menu_typo_transform":"","ocean_menu_typo_transform_tablet":"","ocean_menu_typo_transform_mobile":"","ocean_menu_typo_line_height":0,"ocean_menu_typo_line_height_tablet":0,"ocean_menu_typo_line_height_mobile":0,"ocean_menu_typo_line_height_unit":"","ocean_menu_typo_spacing":0,"ocean_menu_typo_spacing_tablet":0,"ocean_menu_typo_spacing_mobile":0,"ocean_menu_typo_spacing_unit":"","ocean_menu_link_color":"","ocean_menu_link_color_hover":"","ocean_menu_link_color_active":"","ocean_menu_link_background":"","ocean_menu_link_hover_background":"","ocean_menu_link_active_background":"","ocean_menu_social_links_bg":"","ocean_menu_social_hover_links_bg":"","ocean_menu_social_links_color":"","ocean_menu_social_hover_links_color":"","ocean_disable_title":"default","ocean_disable_heading":"default","ocean_post_title":"","ocean_post_subheading":"","ocean_post_title_style":"","ocean_post_title_background_color":"","ocean_post_title_background":0,"ocean_post_title_bg_image_position":"","ocean_post_title_bg_image_attachment":"","ocean_post_title_bg_image_repeat":"","ocean_post_title_bg_image_size":"","ocean_post_title_height":0,"ocean_post_title_bg_overlay":0.5,"ocean_post_title_bg_overlay_color":"","ocean_disable_breadcrumbs":"default","ocean_breadcrumbs_color":"","ocean_breadcrumbs_separator_color":"","ocean_breadcrumbs_links_color":"","ocean_breadcrumbs_links_hover_color":"","ocean_display_footer_widgets":"default","ocean_display_footer_bottom":"default","ocean_custom_footer_template":"0","osh_disable_topbar_sticky":"default","osh_disable_header_sticky":"default","osh_sticky_header_style":"default","osh_sticky_header_effect":"","osh_custom_sticky_logo":0,"osh_custom_retina_sticky_logo":0,"osh_custom_sticky_logo_height":0,"osh_background_color":"","osh_links_color":"","osh_links_hover_color":"","osh_links_active_color":"","osh_links_bg_color":"","osh_links_hover_bg_color":"","osh_links_active_bg_color":"","osh_menu_social_links_color":"","osh_menu_social_hover_links_color":"","footnotes":""},"class_list":["post-3494","page","type-page","status-publish","has-post-thumbnail","hentry","entry","has-media"],"yoast_head":"<!-- This site is optimized with the Yoast SEO plugin v27.3 - https:\/\/yoast.com\/product\/yoast-seo-wordpress\/ -->\n<title>Kapitalisierung der Erfahrungen - FEDERESO - R\u00e9seau des f\u00e9d\u00e9rations cantonales de coop\u00e9ration internationale<\/title>\n<meta name=\"robots\" content=\"index, follow, max-snippet:-1, max-image-preview:large, max-video-preview:-1\" \/>\n<link rel=\"canonical\" href=\"https:\/\/federeso.ch\/de\/projekte\/kapitalisierung-der-erfahrungen\/\" \/>\n<meta property=\"og:locale\" content=\"de_DE\" \/>\n<meta property=\"og:type\" content=\"article\" \/>\n<meta property=\"og:title\" content=\"Kapitalisierung der Erfahrungen - FEDERESO - R\u00e9seau des f\u00e9d\u00e9rations cantonales de coop\u00e9ration internationale\" \/>\n<meta property=\"og:description\" content=\"Kapitalisierung der Erfahrungen Kittirat Roekburi Was ist die Kapitalisierung der Erfahrungen ? Die Kapitalisierung der Erfahrungen ist ein methodischer Prozess, bei dem eine Erfahrung identifiziert, analysiert und dokumentiert wird. Diese Analyse tr\u00e4gt zur Schaffung von Wissen bei, das dann in anderen Kontexten geteilt werden kann, indem es \u00fcbernommen, angepasst, in weiterem Umfang umgesetzt oder systematisch [&hellip;]\" \/>\n<meta property=\"og:url\" content=\"https:\/\/federeso.ch\/de\/projekte\/kapitalisierung-der-erfahrungen\/\" \/>\n<meta property=\"og:site_name\" content=\"FEDERESO - R\u00e9seau des f\u00e9d\u00e9rations cantonales de coop\u00e9ration internationale\" \/>\n<meta property=\"article:modified_time\" content=\"2026-02-03T10:38:33+00:00\" \/>\n<meta property=\"og:image\" content=\"https:\/\/federeso.ch\/wp-content\/uploads\/2023\/07\/shutterstock_22917115051-scaled.jpg\" \/>\n\t<meta property=\"og:image:width\" content=\"2560\" \/>\n\t<meta property=\"og:image:height\" content=\"1865\" \/>\n\t<meta property=\"og:image:type\" content=\"image\/jpeg\" \/>\n<meta name=\"twitter:card\" content=\"summary_large_image\" \/>\n<meta name=\"twitter:label1\" content=\"Gesch\u00e4tzte Lesezeit\" \/>\n\t<meta name=\"twitter:data1\" content=\"2\u00a0Minuten\" \/>\n<script type=\"application\/ld+json\" class=\"yoast-schema-graph\">{\"@context\":\"https:\\\/\\\/schema.org\",\"@graph\":[{\"@type\":\"WebPage\",\"@id\":\"https:\\\/\\\/federeso.ch\\\/de\\\/projekte\\\/kapitalisierung-der-erfahrungen\\\/\",\"url\":\"https:\\\/\\\/federeso.ch\\\/de\\\/projekte\\\/kapitalisierung-der-erfahrungen\\\/\",\"name\":\"Kapitalisierung der Erfahrungen - FEDERESO - R\u00e9seau des f\u00e9d\u00e9rations cantonales de coop\u00e9ration internationale\",\"isPartOf\":{\"@id\":\"https:\\\/\\\/federeso.ch\\\/de\\\/#website\"},\"primaryImageOfPage\":{\"@id\":\"https:\\\/\\\/federeso.ch\\\/de\\\/projekte\\\/kapitalisierung-der-erfahrungen\\\/#primaryimage\"},\"image\":{\"@id\":\"https:\\\/\\\/federeso.ch\\\/de\\\/projekte\\\/kapitalisierung-der-erfahrungen\\\/#primaryimage\"},\"thumbnailUrl\":\"https:\\\/\\\/federeso.ch\\\/wp-content\\\/uploads\\\/2023\\\/07\\\/shutterstock_22917115051-scaled.jpg\",\"datePublished\":\"2025-11-21T16:56:55+00:00\",\"dateModified\":\"2026-02-03T10:38:33+00:00\",\"breadcrumb\":{\"@id\":\"https:\\\/\\\/federeso.ch\\\/de\\\/projekte\\\/kapitalisierung-der-erfahrungen\\\/#breadcrumb\"},\"inLanguage\":\"de\",\"potentialAction\":[{\"@type\":\"ReadAction\",\"target\":[\"https:\\\/\\\/federeso.ch\\\/de\\\/projekte\\\/kapitalisierung-der-erfahrungen\\\/\"]}]},{\"@type\":\"ImageObject\",\"inLanguage\":\"de\",\"@id\":\"https:\\\/\\\/federeso.ch\\\/de\\\/projekte\\\/kapitalisierung-der-erfahrungen\\\/#primaryimage\",\"url\":\"https:\\\/\\\/federeso.ch\\\/wp-content\\\/uploads\\\/2023\\\/07\\\/shutterstock_22917115051-scaled.jpg\",\"contentUrl\":\"https:\\\/\\\/federeso.ch\\\/wp-content\\\/uploads\\\/2023\\\/07\\\/shutterstock_22917115051-scaled.jpg\",\"width\":2560,\"height\":1865},{\"@type\":\"BreadcrumbList\",\"@id\":\"https:\\\/\\\/federeso.ch\\\/de\\\/projekte\\\/kapitalisierung-der-erfahrungen\\\/#breadcrumb\",\"itemListElement\":[{\"@type\":\"ListItem\",\"position\":1,\"name\":\"Accueil\",\"item\":\"https:\\\/\\\/federeso.ch\\\/de\\\/\"},{\"@type\":\"ListItem\",\"position\":2,\"name\":\"Projekte\",\"item\":\"https:\\\/\\\/federeso.ch\\\/de\\\/projets\\\/\"},{\"@type\":\"ListItem\",\"position\":3,\"name\":\"Kapitalisierung der Erfahrungen\"}]},{\"@type\":\"WebSite\",\"@id\":\"https:\\\/\\\/federeso.ch\\\/de\\\/#website\",\"url\":\"https:\\\/\\\/federeso.ch\\\/de\\\/\",\"name\":\"FEDERESO - R\u00e9seau des f\u00e9d\u00e9rations cantonales de coop\u00e9ration internationale\",\"description\":\"\",\"publisher\":{\"@id\":\"https:\\\/\\\/federeso.ch\\\/de\\\/#organization\"},\"potentialAction\":[{\"@type\":\"SearchAction\",\"target\":{\"@type\":\"EntryPoint\",\"urlTemplate\":\"https:\\\/\\\/federeso.ch\\\/de\\\/?s={search_term_string}\"},\"query-input\":{\"@type\":\"PropertyValueSpecification\",\"valueRequired\":true,\"valueName\":\"search_term_string\"}}],\"inLanguage\":\"de\"},{\"@type\":\"Organization\",\"@id\":\"https:\\\/\\\/federeso.ch\\\/de\\\/#organization\",\"name\":\"F\u00e9d\u00e9rations cantonales de coop\u00e9ration internationale\",\"url\":\"https:\\\/\\\/federeso.ch\\\/de\\\/\",\"logo\":{\"@type\":\"ImageObject\",\"inLanguage\":\"de\",\"@id\":\"https:\\\/\\\/federeso.ch\\\/de\\\/#\\\/schema\\\/logo\\\/image\\\/\",\"url\":\"https:\\\/\\\/federeso.ch\\\/wp-content\\\/uploads\\\/2023\\\/04\\\/FEDERESO_Texte.png\",\"contentUrl\":\"https:\\\/\\\/federeso.ch\\\/wp-content\\\/uploads\\\/2023\\\/04\\\/FEDERESO_Texte.png\",\"width\":6735,\"height\":2976,\"caption\":\"F\u00e9d\u00e9rations cantonales de coop\u00e9ration internationale\"},\"image\":{\"@id\":\"https:\\\/\\\/federeso.ch\\\/de\\\/#\\\/schema\\\/logo\\\/image\\\/\"}}]}<\/script>\n<!-- \/ Yoast SEO plugin. -->","yoast_head_json":{"title":"Kapitalisierung der Erfahrungen - FEDERESO - R\u00e9seau des f\u00e9d\u00e9rations cantonales de coop\u00e9ration internationale","robots":{"index":"index","follow":"follow","max-snippet":"max-snippet:-1","max-image-preview":"max-image-preview:large","max-video-preview":"max-video-preview:-1"},"canonical":"https:\/\/federeso.ch\/de\/projekte\/kapitalisierung-der-erfahrungen\/","og_locale":"de_DE","og_type":"article","og_title":"Kapitalisierung der Erfahrungen - FEDERESO - R\u00e9seau des f\u00e9d\u00e9rations cantonales de coop\u00e9ration internationale","og_description":"Kapitalisierung der Erfahrungen Kittirat Roekburi Was ist die Kapitalisierung der Erfahrungen ? Die Kapitalisierung der Erfahrungen ist ein methodischer Prozess, bei dem eine Erfahrung identifiziert, analysiert und dokumentiert wird. Diese Analyse tr\u00e4gt zur Schaffung von Wissen bei, das dann in anderen Kontexten geteilt werden kann, indem es \u00fcbernommen, angepasst, in weiterem Umfang umgesetzt oder systematisch [&hellip;]","og_url":"https:\/\/federeso.ch\/de\/projekte\/kapitalisierung-der-erfahrungen\/","og_site_name":"FEDERESO - R\u00e9seau des f\u00e9d\u00e9rations cantonales de coop\u00e9ration internationale","article_modified_time":"2026-02-03T10:38:33+00:00","og_image":[{"width":2560,"height":1865,"url":"https:\/\/federeso.ch\/wp-content\/uploads\/2023\/07\/shutterstock_22917115051-scaled.jpg","type":"image\/jpeg"}],"twitter_card":"summary_large_image","twitter_misc":{"Gesch\u00e4tzte Lesezeit":"2\u00a0Minuten"},"schema":{"@context":"https:\/\/schema.org","@graph":[{"@type":"WebPage","@id":"https:\/\/federeso.ch\/de\/projekte\/kapitalisierung-der-erfahrungen\/","url":"https:\/\/federeso.ch\/de\/projekte\/kapitalisierung-der-erfahrungen\/","name":"Kapitalisierung der Erfahrungen - FEDERESO - R\u00e9seau des f\u00e9d\u00e9rations cantonales de coop\u00e9ration internationale","isPartOf":{"@id":"https:\/\/federeso.ch\/de\/#website"},"primaryImageOfPage":{"@id":"https:\/\/federeso.ch\/de\/projekte\/kapitalisierung-der-erfahrungen\/#primaryimage"},"image":{"@id":"https:\/\/federeso.ch\/de\/projekte\/kapitalisierung-der-erfahrungen\/#primaryimage"},"thumbnailUrl":"https:\/\/federeso.ch\/wp-content\/uploads\/2023\/07\/shutterstock_22917115051-scaled.jpg","datePublished":"2025-11-21T16:56:55+00:00","dateModified":"2026-02-03T10:38:33+00:00","breadcrumb":{"@id":"https:\/\/federeso.ch\/de\/projekte\/kapitalisierung-der-erfahrungen\/#breadcrumb"},"inLanguage":"de","potentialAction":[{"@type":"ReadAction","target":["https:\/\/federeso.ch\/de\/projekte\/kapitalisierung-der-erfahrungen\/"]}]},{"@type":"ImageObject","inLanguage":"de","@id":"https:\/\/federeso.ch\/de\/projekte\/kapitalisierung-der-erfahrungen\/#primaryimage","url":"https:\/\/federeso.ch\/wp-content\/uploads\/2023\/07\/shutterstock_22917115051-scaled.jpg","contentUrl":"https:\/\/federeso.ch\/wp-content\/uploads\/2023\/07\/shutterstock_22917115051-scaled.jpg","width":2560,"height":1865},{"@type":"BreadcrumbList","@id":"https:\/\/federeso.ch\/de\/projekte\/kapitalisierung-der-erfahrungen\/#breadcrumb","itemListElement":[{"@type":"ListItem","position":1,"name":"Accueil","item":"https:\/\/federeso.ch\/de\/"},{"@type":"ListItem","position":2,"name":"Projekte","item":"https:\/\/federeso.ch\/de\/projets\/"},{"@type":"ListItem","position":3,"name":"Kapitalisierung der Erfahrungen"}]},{"@type":"WebSite","@id":"https:\/\/federeso.ch\/de\/#website","url":"https:\/\/federeso.ch\/de\/","name":"FEDERESO - R\u00e9seau des f\u00e9d\u00e9rations cantonales de coop\u00e9ration internationale","description":"","publisher":{"@id":"https:\/\/federeso.ch\/de\/#organization"},"potentialAction":[{"@type":"SearchAction","target":{"@type":"EntryPoint","urlTemplate":"https:\/\/federeso.ch\/de\/?s={search_term_string}"},"query-input":{"@type":"PropertyValueSpecification","valueRequired":true,"valueName":"search_term_string"}}],"inLanguage":"de"},{"@type":"Organization","@id":"https:\/\/federeso.ch\/de\/#organization","name":"F\u00e9d\u00e9rations cantonales de coop\u00e9ration internationale","url":"https:\/\/federeso.ch\/de\/","logo":{"@type":"ImageObject","inLanguage":"de","@id":"https:\/\/federeso.ch\/de\/#\/schema\/logo\/image\/","url":"https:\/\/federeso.ch\/wp-content\/uploads\/2023\/04\/FEDERESO_Texte.png","contentUrl":"https:\/\/federeso.ch\/wp-content\/uploads\/2023\/04\/FEDERESO_Texte.png","width":6735,"height":2976,"caption":"F\u00e9d\u00e9rations cantonales de coop\u00e9ration internationale"},"image":{"@id":"https:\/\/federeso.ch\/de\/#\/schema\/logo\/image\/"}}]}},"_links":{"self":[{"href":"https:\/\/federeso.ch\/de\/wp-json\/wp\/v2\/pages\/3494","targetHints":{"allow":["GET"]}}],"collection":[{"href":"https:\/\/federeso.ch\/de\/wp-json\/wp\/v2\/pages"}],"about":[{"href":"https:\/\/federeso.ch\/de\/wp-json\/wp\/v2\/types\/page"}],"author":[{"embeddable":true,"href":"https:\/\/federeso.ch\/de\/wp-json\/wp\/v2\/users\/1"}],"replies":[{"embeddable":true,"href":"https:\/\/federeso.ch\/de\/wp-json\/wp\/v2\/comments?post=3494"}],"version-history":[{"count":52,"href":"https:\/\/federeso.ch\/de\/wp-json\/wp\/v2\/pages\/3494\/revisions"}],"predecessor-version":[{"id":3725,"href":"https:\/\/federeso.ch\/de\/wp-json\/wp\/v2\/pages\/3494\/revisions\/3725"}],"up":[{"embeddable":true,"href":"https:\/\/federeso.ch\/de\/wp-json\/wp\/v2\/pages\/1375"}],"wp:featuredmedia":[{"embeddable":true,"href":"https:\/\/federeso.ch\/de\/wp-json\/wp\/v2\/media\/1571"}],"wp:attachment":[{"href":"https:\/\/federeso.ch\/de\/wp-json\/wp\/v2\/media?parent=3494"}],"curies":[{"name":"wp","href":"https:\/\/api.w.org\/{rel}","templated":true}]}}